{"id":631,"date":"2025-07-29T17:57:07","date_gmt":"2025-07-29T16:57:07","guid":{"rendered":"https:\/\/www.immocarebalear.com\/home\/"},"modified":"2025-12-03T09:57:53","modified_gmt":"2025-12-03T08:57:53","slug":"home","status":"publish","type":"page","link":"https:\/\/www.immocarebalear.com\/de\/","title":{"rendered":"Startseite"},"content":{"rendered":"<p>[et_pb_section fb_built=&#8220;1&#8243; admin_label=&#8220;Header&#8220; _builder_version=&#8220;4.27.4&#8243; _module_preset=&#8220;default&#8220; use_background_color_gradient=&#8220;on&#8220; background_color_gradient_stops=&#8220;rgba(31,35,44,0.7) 68%|gcid-9fa4a1b6-767d-41ca-984c-a6f10449c843 100%&#8220; background_color_gradient_overlays_image=&#8220;on&#8220; background_image=&#8220;https:\/\/www.immocarebalear.com\/wp-content\/uploads\/2025\/10\/Header_Background_Banner_Immocare-Balear-1-scaled.jpg&#8220; custom_margin=&#8220;-70px||||false|false&#8220; custom_padding=&#8220;6vw||6vw||true|false&#8220; locked=&#8220;off&#8220; collapsed=&#8220;off&#8220; global_colors_info=&#8220;{%22gcid-9fa4a1b6-767d-41ca-984c-a6f10449c843%22:%91%22background_color_gradient_stops%22,%22background_color_gradient_stops%22%93}&#8220;][et_pb_row _builder_version=&#8220;4.27.4&#8243; _module_preset=&#8220;default&#8220; custom_padding=&#8220;111px||||false|false&#8220; global_colors_info=&#8220;{}&#8220;][et_pb_column type=&#8220;4_4&#8243; _builder_version=&#8220;4.20.0&#8243; _module_preset=&#8220;default&#8220; global_colors_info=&#8220;{}&#8220;][et_pb_text _builder_version=&#8220;4.27.4&#8243; _module_preset=&#8220;_initial&#8220; text_text_color=&#8220;#FFFFFF&#8220; header_4_font=&#8220;Roboto|700||on|||||&#8220; header_4_text_color=&#8220;#FFFFFF&#8220; header_4_letter_spacing=&#8220;0.2em&#8220; header_4_line_height=&#8220;1.4em&#8220; text_orientation=&#8220;center&#8220; custom_margin=&#8220;-60px||-20px||false|false&#8220; custom_padding=&#8220;0px||||false|false&#8220; global_colors_info=&#8220;{}&#8220;]<\/p>\n<h4>immocare balear<\/h4>\n<p>[\/et_pb_text][et_pb_image src=&#8220;https:\/\/www.immocarebalear.com\/wp-content\/uploads\/2025\/07\/attorney-3.png&#8220; title_text=&#8220;attorney-3&#8243; _builder_version=&#8220;4.27.4&#8243; _module_preset=&#8220;default&#8220; max_width=&#8220;130px&#8220; module_alignment=&#8220;center&#8220; custom_margin=&#8220;||||false|false&#8220; custom_padding=&#8220;160px||||false|false&#8220; custom_padding_tablet=&#8220;117px||||false|false&#8220; custom_padding_phone=&#8220;120px||||false|false&#8220; custom_padding_last_edited=&#8220;on|phone&#8220; global_colors_info=&#8220;{}&#8220;][\/et_pb_image][et_pb_text _builder_version=&#8220;4.27.4&#8243; _module_preset=&#8220;_initial&#8220; header_font=&#8220;Nanum Myeongjo|||on|||||&#8220; header_text_color=&#8220;gcid-11d3dbbb-f6dc-4fb8-929b-9d6994368d00&#8243; header_font_size=&#8220;72px&#8220; header_line_height=&#8220;1.2em&#8220; text_orientation=&#8220;center&#8220; custom_padding=&#8220;80px||||false|false&#8220; header_font_size_tablet=&#8220;40px&#8220; header_font_size_phone=&#8220;24px&#8220; header_font_size_last_edited=&#8220;on|desktop&#8220; global_colors_info=&#8220;{%22gcid-11d3dbbb-f6dc-4fb8-929b-9d6994368d00%22:%91%22header_text_color%22%93}&#8220;]<\/p>\n<h1>personalisierte<\/h1>\n<h1>Immobilien<\/h1>\n<h1>betreuung<\/h1>\n<p>&nbsp;<\/p>\n<h1><\/h1>\n<p>[\/et_pb_text][\/et_pb_column][\/et_pb_row][\/et_pb_section][et_pb_section fb_built=&#8220;1&#8243; custom_padding_last_edited=&#8220;on|tablet&#8220; admin_label=&#8220;Services&#8220; _builder_version=&#8220;4.27.4&#8243; _module_preset=&#8220;default&#8220; background_color=&#8220;gcid-2f3f3e09-0a26-4ea7-8906-5e1128945e3f&#8220; custom_margin=&#8220;0px||||false|false&#8220; custom_margin_tablet=&#8220;0px||-101px||false|false&#8220; custom_margin_phone=&#8220;0px||-101px||false|false&#8220; custom_margin_last_edited=&#8220;on|tablet&#8220; custom_padding=&#8220;1px||||false|false&#8220; custom_padding_tablet=&#8220;1px|||0px|false|false&#8220; custom_padding_phone=&#8220;1px|||0px|false|false&#8220; top_divider_height_tablet=&#8220;&#8220; top_divider_height_phone=&#8220;&#8220; top_divider_height_last_edited=&#8220;on|tablet&#8220; collapsed=&#8220;on&#8220; global_colors_info=&#8220;{%22gcid-2f3f3e09-0a26-4ea7-8906-5e1128945e3f%22:%91%22background_color%22,%22background_color_gradient_stops%22%93,%22gcid-9fa4a1b6-767d-41ca-984c-a6f10449c843%22:%91%22background_color_gradient_stops%22%93}&#8220;][et_pb_row column_structure=&#8220;1_3,1_3,1_3&#8243; make_equal=&#8220;on&#8220; _builder_version=&#8220;4.27.4&#8243; _module_preset=&#8220;default&#8220; custom_margin=&#8220;-10vw||||false|false&#8220; custom_margin_tablet=&#8220;3%||||false|false&#8220; custom_margin_phone=&#8220;3%||||false|false&#8220; custom_margin_last_edited=&#8220;on|tablet&#8220; global_colors_info=&#8220;{}&#8220;][et_pb_column type=&#8220;1_3&#8243; _builder_version=&#8220;4.27.4&#8243; _module_preset=&#8220;default&#8220; use_background_color_gradient=&#8220;on&#8220; background_color_gradient_stops=&#8220;rgba(73,81,100,0.9) 0%|rgba(73,81,100,0.9) 100%&#8220; background_color_gradient_overlays_image=&#8220;on&#8220; background_image=&#8220;https:\/\/www.immocarebalear.com\/wp-content\/uploads\/2025\/07\/paper-texture.jpg&#8220; custom_padding=&#8220;60px|30px|60px|30px|true|true&#8220; custom_padding_tablet=&#8220;40px|30px|40px|30px|true|true&#8220; custom_padding_phone=&#8220;30px|20px|30px|20px|true|true&#8220; custom_padding_last_edited=&#8220;on|desktop&#8220; global_colors_info=&#8220;{}&#8220;][et_pb_image src=&#8220;https:\/\/www.immocarebalear.com\/wp-content\/uploads\/2025\/07\/attorney-3.png&#8220; title_text=&#8220;attorney-3&#8243; _builder_version=&#8220;4.27.4&#8243; _module_preset=&#8220;default&#8220; max_width=&#8220;130px&#8220; module_alignment=&#8220;center&#8220; global_colors_info=&#8220;{}&#8220;][\/et_pb_image][et_pb_text _builder_version=&#8220;4.27.4&#8243; _module_preset=&#8220;487d1262-e7e8-4da4-8d49-d5a9083738e4&#8243; header_3_text_color=&#8220;#FFFFFF&#8220; text_orientation=&#8220;center&#8220; global_colors_info=&#8220;{}&#8220;]<\/p>\n<h3 style=\"text-align: center;\">Immo<strong>care <\/strong><\/h3>\n<h3 style=\"text-align: center;\">Basic<\/h3>\n<p>[\/et_pb_text][et_pb_text _builder_version=&#8220;4.27.4&#8243; _module_preset=&#8220;95aa2965-e21c-4867-96d3-fd2b07bef75b&#8220; text_text_color=&#8220;#FFFFFF&#8220; text_line_height=&#8220;2em&#8220; text_orientation=&#8220;justified&#8220; global_colors_info=&#8220;{}&#8220;]<\/p>\n<p><b>Regelm\u00e4\u00dfige Kontrollg\u00e4nge Ihres Objekts, Schl\u00fcsselverwaltung und einfache Instandhaltungschecks sorgen daf\u00fcr, dass Ihr Zuhause sicher, gepflegt und bereit f\u00fcr Ihre R\u00fcckkehr ist.<\/b><\/p>\n<p><b><\/b><\/p>\n<p><b><\/b><\/p>\n<p><b><\/b><\/p>\n<p><b><\/b><\/p>\n<p><b><\/b><\/p>\n<p><b>\u00a0<\/b><\/p>\n<p>[\/et_pb_text][et_pb_button button_url=&#8220;@ET-DC@eyJkeW5hbWljIjp0cnVlLCJjb250ZW50IjoicG9zdF9saW5rX3VybF9wYWdlIiwic2V0dGluZ3MiOnsicG9zdF9pZCI6IjEzMiJ9fQ==@&#8220; button_text=&#8220;Weiterlesen&#8220; button_alignment=&#8220;center&#8220; _builder_version=&#8220;4.27.4&#8243; _dynamic_attributes=&#8220;button_url&#8220; _module_preset=&#8220;3e0a5a1d-7313-49c3-acbd-f44bcce0d515&#8243; button_text_color=&#8220;#666666&#8243; button_bg_color=&#8220;#E0DAD2&#8243; custom_margin=&#8220;0px||||false|false&#8220; animation_style=&#8220;fade&#8220; global_colors_info=&#8220;{}&#8220;][\/et_pb_button][\/et_pb_column][et_pb_column type=&#8220;1_3&#8243; _builder_version=&#8220;4.20.0&#8243; _module_preset=&#8220;default&#8220; use_background_color_gradient=&#8220;on&#8220; background_color_gradient_stops=&#8220;rgba(202,182,161,0.9) 0%|rgba(202,182,161,0.9) 100%&#8220; background_color_gradient_overlays_image=&#8220;on&#8220; background_image=&#8220;https:\/\/www.immocarebalear.com\/wp-content\/uploads\/2025\/07\/paper-texture.jpg&#8220; custom_padding=&#8220;60px|30px|60px|30px|true|true&#8220; custom_padding_tablet=&#8220;40px||40px||true|false&#8220; custom_padding_phone=&#8220;30px|20px|30px|20px|true|true&#8220; custom_padding_last_edited=&#8220;on|desktop&#8220; global_colors_info=&#8220;{}&#8220;][et_pb_image src=&#8220;https:\/\/www.immocarebalear.com\/wp-content\/uploads\/2025\/07\/attorney-3.png&#8220; title_text=&#8220;attorney-3&#8243; _builder_version=&#8220;4.27.4&#8243; _module_preset=&#8220;default&#8220; max_width=&#8220;130px&#8220; module_alignment=&#8220;center&#8220; global_colors_info=&#8220;{}&#8220;][\/et_pb_image][et_pb_text _builder_version=&#8220;4.27.4&#8243; _module_preset=&#8220;487d1262-e7e8-4da4-8d49-d5a9083738e4&#8243; header_3_text_color=&#8220;#FFFFFF&#8220; text_orientation=&#8220;center&#8220; global_colors_info=&#8220;{}&#8220;]<\/p>\n<h3 style=\"text-align: center;\">Immo<strong>care <\/strong><\/h3>\n<h3 style=\"text-align: center;\">comfort<\/h3>\n<p>[\/et_pb_text][et_pb_text _builder_version=&#8220;4.27.4&#8243; _module_preset=&#8220;95aa2965-e21c-4867-96d3-fd2b07bef75b&#8220; text_text_color=&#8220;#FFFFFF&#8220; text_line_height=&#8220;2em&#8220; text_orientation=&#8220;justified&#8220; global_colors_info=&#8220;{}&#8220;]<\/p>\n<p><b>Umfassendere Hausbetreuung \u2013 regelm\u00e4\u00dfiger und mit Liebe zum Detail. Mit h\u00e4ufigeren Inspektionen der Haustechnik und zus\u00e4tzlichen Pr\u00fcfungen von Ger\u00e4ten, sowie weiteren verbauten Systemen \u2013 so bleibt Ihr Haus in perfektem Zustand und ist optimal vorbereitet, sobald Sie wieder vor Ort sind.<\/b><\/p>\n<p>[\/et_pb_text][et_pb_button button_url=&#8220;@ET-DC@eyJkeW5hbWljIjp0cnVlLCJjb250ZW50IjoicG9zdF9saW5rX3VybF9wYWdlIiwic2V0dGluZ3MiOnsicG9zdF9pZCI6IjEzMiJ9fQ==@&#8220; button_text=&#8220;Weiterlesen&#8220; button_alignment=&#8220;center&#8220; _builder_version=&#8220;4.27.4&#8243; _dynamic_attributes=&#8220;button_url&#8220; _module_preset=&#8220;3e0a5a1d-7313-49c3-acbd-f44bcce0d515&#8243; button_text_color=&#8220;gcid-d68f61e0-9d6b-4b0a-9c63-022d1205b424&#8243; button_bg_color=&#8220;gcid-2f3f3e09-0a26-4ea7-8906-5e1128945e3f&#8220; animation_style=&#8220;fade&#8220; global_colors_info=&#8220;{%22gcid-11d3dbbb-f6dc-4fb8-929b-9d6994368d00%22:%91%22button_text_color%22%93,%22gcid-d68f61e0-9d6b-4b0a-9c63-022d1205b424%22:%91%22button_text_color%22%93,%22gcid-2f3f3e09-0a26-4ea7-8906-5e1128945e3f%22:%91%22button_bg_color%22%93}&#8220;][\/et_pb_button][\/et_pb_column][et_pb_column type=&#8220;1_3&#8243; _builder_version=&#8220;4.20.0&#8243; _module_preset=&#8220;default&#8220; use_background_color_gradient=&#8220;on&#8220; background_color_gradient_stops=&#8220;rgba(153,148,132,0.9) 0%|rgba(153,148,132,0.9) 100%&#8220; background_color_gradient_overlays_image=&#8220;on&#8220; background_image=&#8220;https:\/\/www.immocarebalear.com\/wp-content\/uploads\/2025\/07\/paper-texture.jpg&#8220; custom_padding=&#8220;60px|30px|60px|30px|true|true&#8220; custom_padding_tablet=&#8220;40px||40px||true|false&#8220; custom_padding_phone=&#8220;30px|20px|30px|20px|true|true&#8220; custom_padding_last_edited=&#8220;on|desktop&#8220; global_colors_info=&#8220;{}&#8220;][et_pb_image src=&#8220;https:\/\/www.immocarebalear.com\/wp-content\/uploads\/2025\/07\/attorney-3.png&#8220; title_text=&#8220;attorney-3&#8243; _builder_version=&#8220;4.20.0&#8243; _module_preset=&#8220;default&#8220; max_width=&#8220;130px&#8220; module_alignment=&#8220;center&#8220; global_colors_info=&#8220;{}&#8220;][\/et_pb_image][et_pb_text _builder_version=&#8220;4.27.4&#8243; _module_preset=&#8220;487d1262-e7e8-4da4-8d49-d5a9083738e4&#8243; header_3_text_color=&#8220;#FFFFFF&#8220; text_orientation=&#8220;center&#8220; global_colors_info=&#8220;{}&#8220;]<\/p>\n<h3 style=\"text-align: center;\">Immo<strong>care <\/strong><\/h3>\n<h3 style=\"text-align: center;\">extras<\/h3>\n<p>[\/et_pb_text][et_pb_text _builder_version=&#8220;4.27.4&#8243; _module_preset=&#8220;95aa2965-e21c-4867-96d3-fd2b07bef75b&#8220; text_text_color=&#8220;#FFFFFF&#8220; text_line_height=&#8220;2em&#8220; text_orientation=&#8220;justified&#8220; global_colors_info=&#8220;{}&#8220;]<\/p>\n<p><strong><span style=\"color: #ffffff;\">Entwickelt, damit Ihr Aufenthalt noch komfortabler wird. W\u00e4hlen Sie aus einer Reihe von zus\u00e4tzlichen Servicelesistungen aus, um Ihr Immocare-Paket abzurunden und an Ihre Immobilie anzupassen. So ist Ihr Zuhause f\u00fcr Ihren n\u00e4chsten Aufenthalt, ganz nach Ihren pers\u00f6nlichen W\u00fcnschen perfekt f\u00fcr Sie vorbereitet.<\/span><\/strong><\/p>\n<p>[\/et_pb_text][et_pb_button button_url=&#8220;@ET-DC@eyJkeW5hbWljIjp0cnVlLCJjb250ZW50IjoicG9zdF9saW5rX3VybF9wYWdlIiwic2V0dGluZ3MiOnsicG9zdF9pZCI6IjEzMiJ9fQ==@&#8220; button_text=&#8220;Weiterlesen&#8220; button_alignment=&#8220;center&#8220; _builder_version=&#8220;4.27.4&#8243; _dynamic_attributes=&#8220;button_url&#8220; _module_preset=&#8220;3e0a5a1d-7313-49c3-acbd-f44bcce0d515&#8243; button_text_color=&#8220;#666666&#8243; button_bg_color=&#8220;#E6E2DC&#8220; animation_style=&#8220;fade&#8220; global_colors_info=&#8220;{}&#8220;][\/et_pb_button][\/et_pb_column][\/et_pb_row][\/et_pb_section][et_pb_section fb_built=&#8220;1&#8243; admin_label=&#8220;Services&#8220; _builder_version=&#8220;4.27.4&#8243; _module_preset=&#8220;default&#8220; background_color=&#8220;gcid-2f3f3e09-0a26-4ea7-8906-5e1128945e3f&#8220; custom_margin=&#8220;||||false|false&#8220; collapsed=&#8220;on&#8220; global_colors_info=&#8220;{%22gcid-2f3f3e09-0a26-4ea7-8906-5e1128945e3f%22:%91%22background_color%22,%22background_color_gradient_stops%22%93,%22gcid-9fa4a1b6-767d-41ca-984c-a6f10449c843%22:%91%22background_color_gradient_stops%22%93}&#8220;][et_pb_row column_structure=&#8220;1_4,1_4,1_4,1_4&#8243; _builder_version=&#8220;4.27.4&#8243; _module_preset=&#8220;default&#8220; custom_margin=&#8220;-5vw||||false|false&#8220; custom_margin_tablet=&#8220;2%||||false|false&#8220; custom_margin_phone=&#8220;2%||||false|false&#8220; custom_margin_last_edited=&#8220;on|phone&#8220; global_colors_info=&#8220;{}&#8220;][et_pb_column type=&#8220;1_4&#8243; _builder_version=&#8220;4.20.0&#8243; _module_preset=&#8220;default&#8220; global_colors_info=&#8220;{}&#8220;][et_pb_blurb title=&#8220;Schl\u00fcsselverwaltung&#8220; use_icon=&#8220;on&#8220; font_icon=&#8220;&#xe001;||divi||400&#8243; icon_color=&#8220;gcid-11d3dbbb-f6dc-4fb8-929b-9d6994368d00&#8243; image_icon_width=&#8220;95px&#8220; _builder_version=&#8220;4.27.4&#8243; _module_preset=&#8220;default&#8220; header_font=&#8220;Roboto|||on|||||&#8220; header_text_align=&#8220;center&#8220; header_font_size=&#8220;17px&#8220; global_colors_info=&#8220;{%22gcid-11d3dbbb-f6dc-4fb8-929b-9d6994368d00%22:%91%22icon_color%22%93}&#8220;]<\/p>\n<p style=\"text-align: justify;\">F\u00fcr den Fall dass Sie sich aussperren sollten, f\u00fcr den Check-in Ihrer G\u00e4ste oder um Firmen in Ihre Immobilie Einlass zu gew\u00e4hren.<\/p>\n<p>[\/et_pb_blurb][\/et_pb_column][et_pb_column type=&#8220;1_4&#8243; _builder_version=&#8220;4.20.0&#8243; _module_preset=&#8220;default&#8220; global_colors_info=&#8220;{}&#8220;][et_pb_blurb title=&#8220;Kontrollg\u00e4nge&#8220; use_icon=&#8220;on&#8220; font_icon=&#8220;&#xf017;||fa||400&#8243; icon_color=&#8220;gcid-11d3dbbb-f6dc-4fb8-929b-9d6994368d00&#8243; _builder_version=&#8220;4.27.4&#8243; _module_preset=&#8220;default&#8220; header_font=&#8220;Roboto|||on|||||&#8220; header_text_align=&#8220;center&#8220; header_font_size=&#8220;17px&#8220; header_letter_spacing=&#8220;2px&#8220; header_line_height=&#8220;1.2em&#8220; custom_margin=&#8220;-3px||||false|false&#8220; global_colors_info=&#8220;{%22gcid-11d3dbbb-f6dc-4fb8-929b-9d6994368d00%22:%91%22icon_color%22%93}&#8220;]<\/p>\n<p style=\"text-align: justify;\">Mehrmals pro Woche oder Monat, je nach Ihren Bed\u00fcrfnissen und pers\u00f6nlichen W\u00fcnschen \u2013 inklusive Au\u00dfenbereiche und Garten.<\/p>\n<p>[\/et_pb_blurb][\/et_pb_column][et_pb_column type=&#8220;1_4&#8243; _builder_version=&#8220;4.20.0&#8243; _module_preset=&#8220;default&#8220; global_colors_info=&#8220;{}&#8220;][et_pb_blurb title=&#8220;Willkommens Service&#8220; use_icon=&#8220;on&#8220; font_icon=&#8220;&#xe074;||divi||400&#8243; icon_color=&#8220;gcid-11d3dbbb-f6dc-4fb8-929b-9d6994368d00&#8243; _builder_version=&#8220;4.27.4&#8243; _module_preset=&#8220;default&#8220; header_font=&#8220;Roboto|||on|||||&#8220; header_text_align=&#8220;center&#8220; header_font_size=&#8220;17px&#8220; global_colors_info=&#8220;{%22gcid-11d3dbbb-f6dc-4fb8-929b-9d6994368d00%22:%91%22icon_color%22%93}&#8220;]<\/p>\n<p style=\"text-align: justify;\">Vom Einschalten der Klimaanlage\/ Heizung bis hin zum Herrichten Ihrer Gartenm\u00f6bel \u2013 alles bereit, vor Ihrer Ankunft.<\/p>\n<p>[\/et_pb_blurb][\/et_pb_column][et_pb_column type=&#8220;1_4&#8243; _builder_version=&#8220;4.20.0&#8243; _module_preset=&#8220;default&#8220; global_colors_info=&#8220;{}&#8220;][et_pb_blurb title=&#8220;Dienstleistervermittlung&#8220; use_icon=&#8220;on&#8220; font_icon=&#8220;&#xe035;||divi||400&#8243; icon_color=&#8220;gcid-11d3dbbb-f6dc-4fb8-929b-9d6994368d00&#8243; _builder_version=&#8220;4.27.4&#8243; _module_preset=&#8220;default&#8220; header_font=&#8220;Roboto|||on|||||&#8220; header_text_align=&#8220;center&#8220; header_font_size=&#8220;17px&#8220; global_colors_info=&#8220;{%22gcid-11d3dbbb-f6dc-4fb8-929b-9d6994368d00%22:%91%22icon_color%22%93}&#8220;]<\/p>\n<p style=\"text-align: justify;\">Wir finden genau die passende L\u00f6sung f\u00fcr Ihre Bed\u00fcrfnisse und sorgen daf\u00fcr, dass alle Arbeiten in und rund ums Haus zuverl\u00e4ssig erledigt werden.<\/p>\n<p>[\/et_pb_blurb][\/et_pb_column][\/et_pb_row][et_pb_row _builder_version=&#8220;4.27.4&#8243; _module_preset=&#8220;default&#8220; custom_margin=&#8220;||||false|false&#8220; custom_padding=&#8220;30px||||false|false&#8220; global_colors_info=&#8220;{}&#8220;][et_pb_column type=&#8220;4_4&#8243; _builder_version=&#8220;4.27.4&#8243; _module_preset=&#8220;default&#8220; global_colors_info=&#8220;{}&#8220;][et_pb_text _builder_version=&#8220;4.27.4&#8243; _module_preset=&#8220;default&#8220; text_line_height=&#8220;2em&#8220; text_orientation=&#8220;justified&#8220; global_colors_info=&#8220;{}&#8220;]<\/p>\n<p>Bei Immo<strong>care <\/strong>Balear verstehen wir, dass Ihre Ferienimmobilie auf Mallorca mehr ist als nur eine Immobilie oder Investition \u2013 es ist ein Zuhause in der Ferne. Es verdient professionelle Pflege und regelm\u00e4\u00dfige Aufmerksamkeit, um seine Sch\u00f6nheit, seinen Komfort und seinen langfristigen Wert zu erhalten. Da viele Eigent\u00fcmer nur wenige Wochen oder Monate im Jahr auf der Insel verbringen, bieten wir zuverl\u00e4ssige Hausbetreuungsdienste auf Mallorca an, welche auf Ihre Bed\u00fcrfnisse zugeschnitten sind. Egal, ob Sie im Ausland sind, beruflich zu eingespannt oder einfach nur beruhigt m\u00f6chten, dass alles in Ordnung ist \u2013 wir sorgen daf\u00fcr, dass Ihr Zuhause immer im bestem Zustand und bereit f\u00fcr Ihren n\u00e4chsten Aufenthalt ist.<\/p>\n<p>[\/et_pb_text][\/et_pb_column][\/et_pb_row][et_pb_row _builder_version=&#8220;4.27.4&#8243; _module_preset=&#8220;default&#8220; global_colors_info=&#8220;{}&#8220;][et_pb_column type=&#8220;4_4&#8243; _builder_version=&#8220;4.27.4&#8243; _module_preset=&#8220;default&#8220; global_colors_info=&#8220;{}&#8220;][et_pb_button button_url=&#8220;@ET-DC@eyJkeW5hbWljIjp0cnVlLCJjb250ZW50IjoicG9zdF9saW5rX3VybF9wYWdlIiwic2V0dGluZ3MiOnsicG9zdF9pZCI6IjEzMiJ9fQ==@&#8220; button_text=&#8220;Alle Dienstleistungen anzeigen&#8220; button_alignment=&#8220;center&#8220; _builder_version=&#8220;4.27.4&#8243; _dynamic_attributes=&#8220;button_url&#8220; _module_preset=&#8220;3e0a5a1d-7313-49c3-acbd-f44bcce0d515&#8243; custom_margin=&#8220;||||false|false&#8220; animation_style=&#8220;zoom&#8220; global_colors_info=&#8220;{}&#8220;][\/et_pb_button][\/et_pb_column][\/et_pb_row][\/et_pb_section][et_pb_section fb_built=&#8220;1&#8243; admin_label=&#8220;About&#8220; _builder_version=&#8220;4.27.4&#8243; _module_preset=&#8220;default&#8220; background_color=&#8220;gcid-11d3dbbb-f6dc-4fb8-929b-9d6994368d00&#8243; use_background_color_gradient=&#8220;on&#8220; background_color_gradient_stops=&#8220;#454a53 0%|rgba(255,255,255,0) 100%&#8220; custom_margin=&#8220;||||false|false&#8220; custom_padding=&#8220;5px||0px||false|false&#8220; collapsed=&#8220;off&#8220; global_colors_info=&#8220;{%22gcid-2f3f3e09-0a26-4ea7-8906-5e1128945e3f%22:%91%22background_color_gradient_stops%22%93,%22gcid-11d3dbbb-f6dc-4fb8-929b-9d6994368d00%22:%91%22background_color%22%93}&#8220;][et_pb_row _builder_version=&#8220;4.27.4&#8243; _module_preset=&#8220;default&#8220; custom_padding=&#8220;12px||12px||false|false&#8220; global_colors_info=&#8220;{}&#8220;][et_pb_column type=&#8220;4_4&#8243; _builder_version=&#8220;4.27.4&#8243; _module_preset=&#8220;default&#8220; global_colors_info=&#8220;{}&#8220;][et_pb_text _builder_version=&#8220;4.27.4&#8243; _module_preset=&#8220;f71530db-ef92-4b31-879f-4fa456b08e8a&#8220; header_2_text_color=&#8220;gcid-11d3dbbb-f6dc-4fb8-929b-9d6994368d00&#8243; custom_margin=&#8220;||||false|false&#8220; global_colors_info=&#8220;{%22gcid-11d3dbbb-f6dc-4fb8-929b-9d6994368d00%22:%91%22header_2_text_color%22%93}&#8220;]<\/p>\n<h2>\u00dcber uns<\/h2>\n<p>[\/et_pb_text][\/et_pb_column][\/et_pb_row][et_pb_row column_structure=&#8220;1_2,1_2&#8243; _builder_version=&#8220;4.27.4&#8243; _module_preset=&#8220;default&#8220; custom_padding=&#8220;0px||||false|false&#8220; global_colors_info=&#8220;{}&#8220;][et_pb_column type=&#8220;1_2&#8243; _builder_version=&#8220;4.27.4&#8243; _module_preset=&#8220;default&#8220; global_colors_info=&#8220;{}&#8220;][et_pb_image src=&#8220;https:\/\/www.immocarebalear.com\/wp-content\/uploads\/2025\/10\/ABOUT_US_Immocare-Balear.jpg&#8220; alt=&#8220;Home_Immocare_Balear&#8220; title_text=&#8220;ABOUT_US_Immocare Balear&#8220; _builder_version=&#8220;4.27.4&#8243; _module_preset=&#8220;default&#8220; global_colors_info=&#8220;{}&#8220;][\/et_pb_image][\/et_pb_column][et_pb_column type=&#8220;1_2&#8243; _builder_version=&#8220;4.27.4&#8243; _module_preset=&#8220;default&#8220; global_colors_info=&#8220;{}&#8220;][et_pb_text _builder_version=&#8220;4.27.4&#8243; _module_preset=&#8220;95aa2965-e21c-4867-96d3-fd2b07bef75b&#8220; text_text_color=&#8220;#FFFFFF&#8220; text_line_height=&#8220;2em&#8220; text_orientation=&#8220;justified&#8220; custom_margin=&#8220;||||false|false&#8220; global_colors_info=&#8220;{}&#8220;]<\/p>\n<p>Bei Immo<strong>care <\/strong>Balear haben wir uns auf professionelles Property Management auf Mallorca spezialisiert, welches gezielt auf die Bed\u00fcrfnisse internationaler Ferienimmobilien Besitzer zugeschnitten ist. Mit einer fundierten Erfahrung im Projektmanagement und der Immobilienentwicklung verstehen wir die Erwartungen anspruchsvoller Eigent\u00fcmer. Wir wissen, dass der Besitz eines Zweitwohnsitzes im Ausland einzigartige Herausforderungen mit sich bringt. Unsere Mission ist es, Ihnen w\u00e4hrend Ihrer Abwesenheit v\u00f6lliges Vertrauen und Gelassenheit zu gew\u00e4hrleisten, sowie sicherzustellen, dass Ihre Immobilie stets gut gepflegt und jederzeit f\u00fcr Ihren n\u00e4chsten Aufenthalt bereit ist.<\/p>\n<p>[\/et_pb_text][et_pb_button button_url=&#8220;@ET-DC@eyJkeW5hbWljIjp0cnVlLCJjb250ZW50IjoicG9zdF9saW5rX3VybF9wYWdlIiwic2V0dGluZ3MiOnsicG9zdF9pZCI6IjY5In19@&#8220; button_text=&#8220;Weiterlesen&#8220; _builder_version=&#8220;4.27.4&#8243; _dynamic_attributes=&#8220;button_url&#8220; _module_preset=&#8220;057639b7-8b1c-41f7-9c9a-2a7f2d02a4d0&#8243; button_bg_color=&#8220;gcid-11d3dbbb-f6dc-4fb8-929b-9d6994368d00&#8243; custom_margin=&#8220;|||0px|false|false&#8220; custom_padding=&#8220;10px|24px|10px|24px|false|true&#8220; custom_padding_tablet=&#8220;10px|24px|10px|24px|false|true&#8220; custom_padding_phone=&#8220;10px||10px||true|true&#8220; custom_padding_last_edited=&#8220;on|phone&#8220; animation_style=&#8220;fade&#8220; global_colors_info=&#8220;{%22gcid-11d3dbbb-f6dc-4fb8-929b-9d6994368d00%22:%91%22button_bg_color%22%93}&#8220;][\/et_pb_button][\/et_pb_column][\/et_pb_row][\/et_pb_section]<\/p>\n","protected":false},"excerpt":{"rendered":"<p>immocare balearpersonalisierte Immobilien betreuung &nbsp; Immocare BasicRegelm\u00e4\u00dfige Kontrollg\u00e4nge Ihres Objekts, Schl\u00fcsselverwaltung und einfache Instandhaltungschecks sorgen daf\u00fcr, dass Ihr Zuhause sicher, gepflegt und bereit f\u00fcr Ihre R\u00fcckkehr ist. \u00a0Immocare comfortUmfassendere Hausbetreuung \u2013 regelm\u00e4\u00dfiger und mit Liebe zum Detail. Mit h\u00e4ufigeren Inspektionen der Haustechnik und zus\u00e4tzlichen Pr\u00fcfungen von Ger\u00e4ten, sowie weiteren verbauten Systemen \u2013 so bleibt Ihr [&hellip;]<\/p>\n","protected":false},"author":1,"featured_media":0,"parent":0,"menu_order":0,"comment_status":"closed","ping_status":"closed","template":"","meta":{"_et_pb_use_builder":"on","_et_pb_old_content":"","_et_gb_content_width":"","footnotes":""},"class_list":["post-631","page","type-page","status-publish","hentry"],"_links":{"self":[{"href":"https:\/\/www.immocarebalear.com\/de\/wp-json\/wp\/v2\/pages\/631","targetHints":{"allow":["GET"]}}],"collection":[{"href":"https:\/\/www.immocarebalear.com\/de\/wp-json\/wp\/v2\/pages"}],"about":[{"href":"https:\/\/www.immocarebalear.com\/de\/wp-json\/wp\/v2\/types\/page"}],"author":[{"embeddable":true,"href":"https:\/\/www.immocarebalear.com\/de\/wp-json\/wp\/v2\/users\/1"}],"replies":[{"embeddable":true,"href":"https:\/\/www.immocarebalear.com\/de\/wp-json\/wp\/v2\/comments?post=631"}],"version-history":[{"count":25,"href":"https:\/\/www.immocarebalear.com\/de\/wp-json\/wp\/v2\/pages\/631\/revisions"}],"predecessor-version":[{"id":897,"href":"https:\/\/www.immocarebalear.com\/de\/wp-json\/wp\/v2\/pages\/631\/revisions\/897"}],"wp:attachment":[{"href":"https:\/\/www.immocarebalear.com\/de\/wp-json\/wp\/v2\/media?parent=631"}],"curies":[{"name":"wp","href":"https:\/\/api.w.org\/{rel}","templated":true}]}}