{"id":641,"date":"2025-09-16T10:47:06","date_gmt":"2025-09-16T09:47:06","guid":{"rendered":"https:\/\/www.immocarebalear.com\/ueber-uns\/"},"modified":"2025-10-29T17:28:20","modified_gmt":"2025-10-29T17:28:20","slug":"ueber-uns","status":"publish","type":"page","link":"https:\/\/www.immocarebalear.com\/de\/ueber-uns\/","title":{"rendered":"\u00dcber uns"},"content":{"rendered":"<p>[et_pb_section fb_built=&#8220;1&#8243; admin_label=&#8220;Header&#8220; _builder_version=&#8220;4.27.4&#8243; _module_preset=&#8220;default&#8220; use_background_color_gradient=&#8220;on&#8220; background_color_gradient_stops=&#8220;rgba(31,35,44,0.7) 68%|gcid-9fa4a1b6-767d-41ca-984c-a6f10449c843 100%&#8220; background_color_gradient_overlays_image=&#8220;on&#8220; background_image=&#8220;https:\/\/www.immocarebalear.com\/wp-content\/uploads\/2025\/10\/Header_Background_Banner_Immocare-Balear-1-scaled.jpg&#8220; custom_margin=&#8220;||||false|false&#8220; custom_padding=&#8220;6vw||6vw||true|false&#8220; locked=&#8220;off&#8220; collapsed=&#8220;off&#8220; global_colors_info=&#8220;{%22gcid-9fa4a1b6-767d-41ca-984c-a6f10449c843%22:%91%22background_color_gradient_stops%22,%22background_color_gradient_stops%22%93}&#8220;][et_pb_row _builder_version=&#8220;4.27.4&#8243; _module_preset=&#8220;default&#8220; custom_padding=&#8220;50px||100px||false|false&#8220; global_colors_info=&#8220;{}&#8220;][et_pb_column type=&#8220;4_4&#8243; _builder_version=&#8220;4.20.0&#8243; _module_preset=&#8220;default&#8220; global_colors_info=&#8220;{}&#8220;][et_pb_text _builder_version=&#8220;4.27.4&#8243; _module_preset=&#8220;_initial&#8220; text_text_color=&#8220;#FFFFFF&#8220; header_4_font=&#8220;Roboto|700||on|||||&#8220; header_4_text_color=&#8220;#FFFFFF&#8220; header_4_letter_spacing=&#8220;0.2em&#8220; header_4_line_height=&#8220;1.4em&#8220; text_orientation=&#8220;center&#8220; custom_margin=&#8220;-20px||-20px||false|false&#8220; custom_padding=&#8220;0px||||false|false&#8220; global_colors_info=&#8220;{}&#8220;]<\/p>\n<h4>\u00dcber uns<\/h4>\n<p>[\/et_pb_text][et_pb_image src=&#8220;https:\/\/www.immocarebalear.com\/wp-content\/uploads\/2025\/07\/attorney-3.png&#8220; title_text=&#8220;attorney-3&#8243; _builder_version=&#8220;4.27.4&#8243; _module_preset=&#8220;default&#8220; max_width=&#8220;130px&#8220; module_alignment=&#8220;center&#8220; custom_margin=&#8220;||||false|false&#8220; custom_padding=&#8220;130px||||false|false&#8220; custom_padding_tablet=&#8220;117px||||false|false&#8220; custom_padding_phone=&#8220;104px||||false|false&#8220; custom_padding_last_edited=&#8220;on|phone&#8220; global_colors_info=&#8220;{}&#8220;][\/et_pb_image][et_pb_text _builder_version=&#8220;4.27.4&#8243; _module_preset=&#8220;_initial&#8220; header_font=&#8220;Nanum Myeongjo|||on|||||&#8220; header_text_color=&#8220;gcid-11d3dbbb-f6dc-4fb8-929b-9d6994368d00&#8243; header_font_size=&#8220;72px&#8220; header_line_height=&#8220;1.2em&#8220; text_orientation=&#8220;center&#8220; custom_padding=&#8220;80px||||false|false&#8220; header_font_size_tablet=&#8220;40px&#8220; header_font_size_phone=&#8220;24px&#8220; header_font_size_last_edited=&#8220;on|desktop&#8220; global_colors_info=&#8220;{%22gcid-11d3dbbb-f6dc-4fb8-929b-9d6994368d00%22:%91%22header_text_color%22%93}&#8220;]<\/p>\n<h1>immo<strong>care <\/strong>balear<\/h1>\n<p>[\/et_pb_text][\/et_pb_column][\/et_pb_row][\/et_pb_section][et_pb_section fb_built=&#8220;1&#8243; admin_label=&#8220;About&#8220; _builder_version=&#8220;4.27.4&#8243; _module_preset=&#8220;default&#8220; background_color=&#8220;gcid-2f3f3e09-0a26-4ea7-8906-5e1128945e3f&#8220; custom_margin=&#8220;||0px||false|false&#8220; custom_padding=&#8220;0px||||false|false&#8220; locked=&#8220;off&#8220; collapsed=&#8220;off&#8220; global_colors_info=&#8220;{%22gcid-2f3f3e09-0a26-4ea7-8906-5e1128945e3f%22:%91%22background_color%22%93}&#8220;][et_pb_row make_equal=&#8220;on&#8220; _builder_version=&#8220;4.27.4&#8243; _module_preset=&#8220;default&#8220; custom_margin=&#8220;-30px||||false|false&#8220; global_colors_info=&#8220;{}&#8220;][et_pb_column type=&#8220;4_4&#8243; _builder_version=&#8220;4.27.4&#8243; _module_preset=&#8220;default&#8220; global_colors_info=&#8220;{}&#8220;][et_pb_text _builder_version=&#8220;4.27.4&#8243; _module_preset=&#8220;_initial&#8220; text_text_color=&#8220;gcid-11d3dbbb-f6dc-4fb8-929b-9d6994368d00&#8243; text_line_height=&#8220;2em&#8220; header_font=&#8220;|700|||||||&#8220; header_text_color=&#8220;#C9A580&#8243; header_font_size=&#8220;35px&#8220; header_2_font=&#8220;Nanum Myeongjo|||on|||||&#8220; header_2_text_color=&#8220;gcid-11d3dbbb-f6dc-4fb8-929b-9d6994368d00&#8243; header_2_font_size=&#8220;48px&#8220; header_2_line_height=&#8220;1.2em&#8220; custom_margin=&#8220;-17px||||false|false&#8220; custom_padding=&#8220;2%||||false|false&#8220; header_2_font_size_tablet=&#8220;32px&#8220; header_2_font_size_phone=&#8220;20px&#8220; header_2_font_size_last_edited=&#8220;on|desktop&#8220; global_colors_info=&#8220;{%22gcid-11d3dbbb-f6dc-4fb8-929b-9d6994368d00%22:%91%22header_2_text_color%22,%22text_text_color%22%93}&#8220;]<\/p>\n<h1>Erfahrung, auf die Sie vertrauen k\u00f6nnen<\/h1>\n<p>[\/et_pb_text][et_pb_text _builder_version=&#8220;4.27.4&#8243; _module_preset=&#8220;default&#8220; text_font=&#8220;||||||||&#8220; text_text_color=&#8220;gcid-body-color&#8220; text_font_size=&#8220;16px&#8220; text_line_height=&#8220;2em&#8220; text_orientation=&#8220;justified&#8220; custom_margin=&#8220;-15px||0px||false|false&#8220; custom_padding=&#8220;0px||0px||false|false&#8220; global_colors_info=&#8220;{%22gcid-body-color%22:%91%22text_text_color%22%93}&#8220;]<\/p>\n<p class=\"p1\" style=\"text-align: justify;\">Mit unserer fundierten Expertise im Projektmanagement und der Immobilienentwicklung verstehen wir die Erwartungen anspruchsvoller Eigent\u00fcmer an die Verwaltung ihrer Ferienimmobilie. Die Erfahrungen der vergangenen Jahre erm\u00f6glichen es uns, Prozesse rund um Ihre Immobilie zu verkn\u00fcpfen sowie zu verstehen, Kundenbed\u00fcrfnisse vorauszusehen und Handwerksleistungen bei Bedarf effizient zu koordinieren \u2013 insbesondere in der S\u00fcdwest Region Mallorca\u2019s.<\/p>\n<p class=\"p1\" style=\"text-align: justify;\">[\/et_pb_text][\/et_pb_column][\/et_pb_row][\/et_pb_section][et_pb_section fb_built=&#8220;1&#8243; specialty=&#8220;on&#8220; admin_label=&#8220;Features&#8220; _builder_version=&#8220;4.27.4&#8243; _module_preset=&#8220;default&#8220; background_color=&#8220;gcid-2f3f3e09-0a26-4ea7-8906-5e1128945e3f&#8220; custom_margin=&#8220;-150px||0px||false|false&#8220; custom_padding=&#8220;0px||0px||false|false&#8220; collapsed=&#8220;off&#8220; global_colors_info=&#8220;{%22gcid-2f3f3e09-0a26-4ea7-8906-5e1128945e3f%22:%91%22background_color%22%93}&#8220;][et_pb_column type=&#8220;1_2&#8243; _builder_version=&#8220;4.16&#8243; _module_preset=&#8220;default&#8220; custom_padding=&#8220;|||&#8220; global_colors_info=&#8220;{}&#8220; custom_padding__hover=&#8220;|||&#8220;][et_pb_text _builder_version=&#8220;4.27.4&#8243; _module_preset=&#8220;_initial&#8220; text_text_color=&#8220;gcid-heading-color&#8220; text_font_size=&#8220;16px&#8220; text_line_height=&#8220;2em&#8220; header_text_color=&#8220;gcid-heading-color&#8220; text_orientation=&#8220;justified&#8220; custom_padding=&#8220;75px||||false|false&#8220; text_font_size_tablet=&#8220;16px&#8220; text_font_size_phone=&#8220;16px&#8220; text_font_size_last_edited=&#8220;on|desktop&#8220; global_colors_info=&#8220;{%22gcid-heading-color%22:%91%22text_text_color%22,%22header_text_color%22%93}&#8220;]<\/p>\n<p class=\"p1\">Unser Ansatz basiert auf Vertrauen, Transparenz und pers\u00f6nlichem Service. Wir behandeln jedes Zuhause, als w\u00e4re es unser eigenes und kombinieren professionelle Standards mit einer echten Leidenschaft f\u00fcr Details und Pflege. Egal, ob Sie sich f\u00fcr unser Immo<b>care<\/b> Basic oder Immo<b>care<\/b> Comfort Immobilien Verwaltungs-Paket entscheiden oder Ihren Plan mit zus\u00e4tzlichen Dienstleistungen anpassen wollen \u2013 Sie k\u00f6nnen sich darauf verlassen, dass wir Ihre Investition sch\u00fctzen und den Wert, sowie die Sch\u00f6nheit Ihrer Ferienimmobilie erhalten.<\/p>\n<p class=\"p1\">Bei Immo<b>care<\/b> Balear geht es darum, Ihnen ein sorgenfreies Erlebnis zu bieten, damit Sie Ihre Zeit auf Mallorca in vollen Z\u00fcgen genie\u00dfen k\u00f6nnen.<\/p>\n<p>[\/et_pb_text][et_pb_blurb title=&#8220;Ma\u00dfgeschneiderte Hausservice Dienstleistungen,  um die Sch\u00f6nheit und den Wert Ihrer Immobilie auf Mallorca zu erhalten&#8220; use_icon=&#8220;on&#8220; font_icon=&#8220;&#x4e;||divi||400&#8243; icon_color=&#8220;gcid-2f3f3e09-0a26-4ea7-8906-5e1128945e3f&#8220; image_icon_background_color=&#8220;#C9A580&#8243; icon_placement=&#8220;left&#8220; image_icon_width=&#8220;32px&#8220; content_max_width=&#8220;100%&#8220; _builder_version=&#8220;4.27.4&#8243; _module_preset=&#8220;_initial&#8220; header_font=&#8220;Roboto|500||on|||||&#8220; header_text_color=&#8220;#C9A580&#8243; header_font_size=&#8220;18px&#8220; header_line_height=&#8220;1.4em&#8220; body_font_size=&#8220;16px&#8220; body_line_height=&#8220;1.8em&#8220; image_icon_custom_padding=&#8220;6px|6px|6px|6px|true|true&#8220; text_orientation=&#8220;justified&#8220; custom_padding=&#8220;17px||0px||false|false&#8220; animation=&#8220;off&#8220; header_font_size_tablet=&#8220;16px&#8220; header_font_size_phone=&#8220;14px&#8220; header_font_size_last_edited=&#8220;on|desktop&#8220; body_font_size_tablet=&#8220;15px&#8220; body_font_size_phone=&#8220;14px&#8220; body_font_size_last_edited=&#8220;on|desktop&#8220; border_radii_image=&#8220;on|100px|100px|100px|100px&#8220; locked=&#8220;off&#8220; global_colors_info=&#8220;{%22gcid-2f3f3e09-0a26-4ea7-8906-5e1128945e3f%22:%91%22icon_color%22%93}&#8220;][\/et_pb_blurb][et_pb_blurb title=&#8220;Anpassbare zus\u00e4tzliche Dienstleistungen auf Anfrage, um Ihren aktuellen Bed\u00fcrfnissen gerecht zu werden&#8220; use_icon=&#8220;on&#8220; font_icon=&#8220;&#x4e;||divi||400&#8243; icon_color=&#8220;gcid-2f3f3e09-0a26-4ea7-8906-5e1128945e3f&#8220; image_icon_background_color=&#8220;#C9A580&#8243; icon_placement=&#8220;left&#8220; image_icon_width=&#8220;32px&#8220; content_max_width=&#8220;100%&#8220; _builder_version=&#8220;4.27.4&#8243; _module_preset=&#8220;_initial&#8220; header_font=&#8220;Roboto|500||on|||||&#8220; header_text_color=&#8220;#C9A580&#8243; header_font_size=&#8220;18px&#8220; header_line_height=&#8220;1.4em&#8220; body_font_size=&#8220;16px&#8220; body_line_height=&#8220;1.8em&#8220; image_icon_custom_padding=&#8220;6px|6px|6px|6px|true|true&#8220; text_orientation=&#8220;justified&#8220; animation=&#8220;off&#8220; header_font_size_tablet=&#8220;16px&#8220; header_font_size_phone=&#8220;14px&#8220; header_font_size_last_edited=&#8220;on|desktop&#8220; body_font_size_tablet=&#8220;15px&#8220; body_font_size_phone=&#8220;14px&#8220; body_font_size_last_edited=&#8220;on|desktop&#8220; border_radii_image=&#8220;on|100px|100px|100px|100px&#8220; locked=&#8220;off&#8220; global_colors_info=&#8220;{%22gcid-2f3f3e09-0a26-4ea7-8906-5e1128945e3f%22:%91%22icon_color%22%93}&#8220;][\/et_pb_blurb][et_pb_blurb title=&#8220;Vertrauensw\u00fcrdiges lokales Netzwerk mit zuverl\u00e4ssigen Handwerkern, Bauunternehmern und weiteren Dienstleistern&#8220; use_icon=&#8220;on&#8220; font_icon=&#8220;&#x4e;||divi||400&#8243; icon_color=&#8220;gcid-2f3f3e09-0a26-4ea7-8906-5e1128945e3f&#8220; image_icon_background_color=&#8220;#C9A580&#8243; icon_placement=&#8220;left&#8220; image_icon_width=&#8220;32px&#8220; content_max_width=&#8220;100%&#8220; _builder_version=&#8220;4.27.4&#8243; _module_preset=&#8220;_initial&#8220; header_font=&#8220;Roboto|500||on|||||&#8220; header_text_color=&#8220;#C9A580&#8243; header_font_size=&#8220;18px&#8220; header_line_height=&#8220;1.4em&#8220; body_font_size=&#8220;16px&#8220; body_line_height=&#8220;1.8em&#8220; image_icon_custom_padding=&#8220;6px|6px|6px|6px|true|true&#8220; text_orientation=&#8220;justified&#8220; animation=&#8220;off&#8220; header_font_size_tablet=&#8220;16px&#8220; header_font_size_phone=&#8220;14px&#8220; header_font_size_last_edited=&#8220;on|desktop&#8220; body_font_size_tablet=&#8220;15px&#8220; body_font_size_phone=&#8220;14px&#8220; body_font_size_last_edited=&#8220;on|desktop&#8220; border_radii_image=&#8220;on|100px|100px|100px|100px&#8220; locked=&#8220;off&#8220; global_colors_info=&#8220;{%22gcid-2f3f3e09-0a26-4ea7-8906-5e1128945e3f%22:%91%22icon_color%22%93}&#8220;][\/et_pb_blurb][\/et_pb_column][et_pb_column type=&#8220;1_2&#8243; specialty_columns=&#8220;2&#8243; _builder_version=&#8220;4.16&#8243; _module_preset=&#8220;default&#8220; custom_padding=&#8220;|||&#8220; global_colors_info=&#8220;{}&#8220; custom_padding__hover=&#8220;|||&#8220;][et_pb_row_inner _builder_version=&#8220;4.27.4&#8243; _module_preset=&#8220;default&#8220; custom_margin=&#8220;50px||||false|false&#8220; custom_margin_tablet=&#8220;50px||||false|false&#8220; custom_margin_phone=&#8220;50px||||false|false&#8220; custom_margin_last_edited=&#8220;on|desktop&#8220; global_colors_info=&#8220;{}&#8220;][et_pb_column_inner saved_specialty_column_type=&#8220;1_2&#8243; _builder_version=&#8220;4.27.4&#8243; _module_preset=&#8220;default&#8220; global_colors_info=&#8220;{}&#8220;][et_pb_image src=&#8220;https:\/\/www.immocarebalear.com\/wp-content\/uploads\/2025\/10\/HOME_Photo_for_Bottom_Immocare-Balear.jpg&#8220; title_text=&#8220;HOME_Photo_for_Bottom_Immocare Balear&#8220; _builder_version=&#8220;4.27.4&#8243; _module_preset=&#8220;default&#8220; custom_margin=&#8220;26px||||false|false&#8220; global_colors_info=&#8220;{}&#8220;][\/et_pb_image][et_pb_button button_url=&#8220;@ET-DC@eyJkeW5hbWljIjp0cnVlLCJjb250ZW50IjoicG9zdF9saW5rX3VybF9wYWdlIiwic2V0dGluZ3MiOnsicG9zdF9pZCI6IjEzMiJ9fQ==@&#8220; button_text=&#8220;Alle Dienstleistungen anzeigen&#8220; button_alignment=&#8220;center&#8220; disabled_on=&#8220;on|off|off&#8220; _builder_version=&#8220;4.27.4&#8243; _dynamic_attributes=&#8220;button_url&#8220; _module_preset=&#8220;default&#8220; custom_button=&#8220;on&#8220; button_text_size=&#8220;20px&#8220; button_text_color=&#8220;gcid-11d3dbbb-f6dc-4fb8-929b-9d6994368d00&#8243; button_bg_color=&#8220;#000000&#8243; button_border_color=&#8220;#000000&#8243; button_border_radius=&#8220;26px&#8220; button_letter_spacing=&#8220;3px&#8220; button_icon_color=&#8220;#000000&#8243; custom_margin=&#8220;0px||0px|0px|false|false&#8220; custom_padding=&#8220;0px||||false|false&#8220; animation_style=&#8220;fade&#8220; global_colors_info=&#8220;{%22gcid-11d3dbbb-f6dc-4fb8-929b-9d6994368d00%22:%91%22button_text_color%22%93}&#8220;][\/et_pb_button][et_pb_button button_url=&#8220;@ET-DC@eyJkeW5hbWljIjp0cnVlLCJjb250ZW50IjoicG9zdF9saW5rX3VybF9wYWdlIiwic2V0dGluZ3MiOnsicG9zdF9pZCI6IjEzMiJ9fQ==@&#8220; button_text=&#8220;Alle Dienstleistungen anzeigen&#8220; button_alignment=&#8220;center&#8220; disabled_on=&#8220;off|on|on&#8220; _builder_version=&#8220;4.27.4&#8243; _dynamic_attributes=&#8220;button_url&#8220; _module_preset=&#8220;default&#8220; custom_button=&#8220;on&#8220; button_text_size=&#8220;13px&#8220; button_text_color=&#8220;gcid-11d3dbbb-f6dc-4fb8-929b-9d6994368d00&#8243; button_bg_color=&#8220;#000000&#8243; button_border_color=&#8220;#000000&#8243; button_border_radius=&#8220;26px&#8220; button_letter_spacing=&#8220;3px&#8220; button_icon_color=&#8220;#000000&#8243; custom_margin=&#8220;0px||0px|0px|false|false&#8220; custom_padding=&#8220;0px||||false|false&#8220; animation_style=&#8220;fade&#8220; button_text_size_tablet=&#8220;13px&#8220; button_text_size_phone=&#8220;13px&#8220; button_text_size_last_edited=&#8220;on|phone&#8220; global_colors_info=&#8220;{%22gcid-11d3dbbb-f6dc-4fb8-929b-9d6994368d00%22:%91%22button_text_color%22%93}&#8220;][\/et_pb_button][\/et_pb_column_inner][\/et_pb_row_inner][\/et_pb_column][\/et_pb_section]<\/p>\n","protected":false},"excerpt":{"rendered":"<p>\u00dcber unsimmocare balearErfahrung, auf die Sie vertrauen k\u00f6nnenMit unserer fundierten Expertise im Projektmanagement und der Immobilienentwicklung verstehen wir die Erwartungen anspruchsvoller Eigent\u00fcmer an die Verwaltung ihrer Ferienimmobilie. Die Erfahrungen der vergangenen Jahre erm\u00f6glichen es uns, Prozesse rund um Ihre Immobilie zu verkn\u00fcpfen sowie zu verstehen, Kundenbed\u00fcrfnisse vorauszusehen und Handwerksleistungen bei Bedarf effizient zu koordinieren \u2013 [&hellip;]<\/p>\n","protected":false},"author":1,"featured_media":0,"parent":0,"menu_order":0,"comment_status":"closed","ping_status":"closed","template":"","meta":{"_et_pb_use_builder":"on","_et_pb_old_content":"","_et_gb_content_width":"","footnotes":""},"class_list":["post-641","page","type-page","status-publish","hentry"],"_links":{"self":[{"href":"https:\/\/www.immocarebalear.com\/de\/wp-json\/wp\/v2\/pages\/641","targetHints":{"allow":["GET"]}}],"collection":[{"href":"https:\/\/www.immocarebalear.com\/de\/wp-json\/wp\/v2\/pages"}],"about":[{"href":"https:\/\/www.immocarebalear.com\/de\/wp-json\/wp\/v2\/types\/page"}],"author":[{"embeddable":true,"href":"https:\/\/www.immocarebalear.com\/de\/wp-json\/wp\/v2\/users\/1"}],"replies":[{"embeddable":true,"href":"https:\/\/www.immocarebalear.com\/de\/wp-json\/wp\/v2\/comments?post=641"}],"version-history":[{"count":27,"href":"https:\/\/www.immocarebalear.com\/de\/wp-json\/wp\/v2\/pages\/641\/revisions"}],"predecessor-version":[{"id":763,"href":"https:\/\/www.immocarebalear.com\/de\/wp-json\/wp\/v2\/pages\/641\/revisions\/763"}],"wp:attachment":[{"href":"https:\/\/www.immocarebalear.com\/de\/wp-json\/wp\/v2\/media?parent=641"}],"curies":[{"name":"wp","href":"https:\/\/api.w.org\/{rel}","templated":true}]}}